{"id":9,"date":"2022-08-16T20:28:45","date_gmt":"2022-08-16T18:28:45","guid":{"rendered":"https:\/\/rheosol.com\/wordpress\/?page_id=9"},"modified":"2022-09-28T09:01:11","modified_gmt":"2022-09-28T07:01:11","slug":"nachhaltigkeit","status":"publish","type":"page","link":"https:\/\/rheosol.com\/index.php\/unternehmen\/nachhaltigkeit\/","title":{"rendered":"Nachhaltigkeit"},"content":{"rendered":"\n<div class=\"wp-block-cover alignfull\" style=\"min-height:400px;aspect-ratio:unset;\"><span aria-hidden=\"true\" class=\"wp-block-cover__background has-nv-site-bg-background-color has-background-dim-60 has-background-dim\"><\/span><img loading=\"lazy\" decoding=\"async\" width=\"2560\" height=\"1547\" class=\"wp-block-cover__image-background wp-image-264\" alt=\"\" src=\"https:\/\/rheosol.com\/wordpress\/wp-content\/uploads\/2022\/09\/Noelken-Rheosol-1-scaled.jpg\" style=\"object-position:37% 48%\" data-object-fit=\"cover\" data-object-position=\"37% 48%\" srcset=\"https:\/\/rheosol.com\/wp-content\/uploads\/2022\/09\/Noelken-Rheosol-1-scaled.jpg 2560w, https:\/\/rheosol.com\/wp-content\/uploads\/2022\/09\/Noelken-Rheosol-1-300x181.jpg 300w, https:\/\/rheosol.com\/wp-content\/uploads\/2022\/09\/Noelken-Rheosol-1-1024x619.jpg 1024w, https:\/\/rheosol.com\/wp-content\/uploads\/2022\/09\/Noelken-Rheosol-1-768x464.jpg 768w, https:\/\/rheosol.com\/wp-content\/uploads\/2022\/09\/Noelken-Rheosol-1-1536x928.jpg 1536w, https:\/\/rheosol.com\/wp-content\/uploads\/2022\/09\/Noelken-Rheosol-1-2048x1238.jpg 2048w\" sizes=\"auto, (max-width: 2560px) 100vw, 2560px\" \/><div class=\"wp-block-cover__inner-container is-layout-flow wp-block-cover-is-layout-flow\">\n<p class=\"has-text-align-center has-large-font-size\"><\/p>\n<\/div><\/div>\n\n\n\n<div style=\"height:40px\" aria-hidden=\"true\" class=\"wp-block-spacer\"><\/div>\n\n\n\n<h2 class=\"wp-block-heading\">Nachhaltigkeit<\/h2>\n\n\n\n<p>Wir sind verantwortlich f\u00fcr die Gestaltung unserer Zukunft. Die Sicherheit und Qualit\u00e4t unserer Produkte d\u00fcrfen Nachhaltigkeit nicht ausschlie\u00dfen, im Gegeteil. Sie m\u00fcssen zusammengebracht werden, um zukunftsf\u00e4hig sein zu k\u00f6nnen. Die Einhaltung der Standards ist nicht ausreichend, um einen wesentlichen Beitrag zu einer nachhaltigen Entwicklung zu leisten. Unsere strategischen Ziele und Key Performance Indicators (KPIs) helfen uns dabei die Themenfelder zusammenzudenken.<\/p>\n\n\n\n<h3 class=\"wp-block-heading\">Unser Leitbild<\/h3>\n\n\n\n<p>Unser Anspruch:<br>Mit unserer Kompetenz, Zuverl\u00e4ssigkeit und qualitativ hochwertigen Produkten sichern wir langfristigen wirtschaftlichen Erfolg. Wir stellen unsere Mitarbeiter und Mitarbeiterinnen sowie unsere Kunden in den Mittelpunkt unserer Bem\u00fchungen. Erfolgreich gestalten wir gemeinsam unsere Zukunft und setzen dabei auf Partnerschaften zur Probleml\u00f6sung und die F\u00f6rderungen unserer Mitarbeiter und Mitarbeiterinnen.&nbsp;<\/p>\n\n\n\n<p>Unsere Vision: <br>Unsere Vision ist es in Sachen Innovation und Nachhaltigkeit Vorreiter zu sein, um ganzheitlich die Gesundheit aller Menschen zu sch\u00fctzen, verbessern oder wiederherzustellen. Dabei gehen wir auf die W\u00fcnsche unserer Konsumenten und Konsumentinnen ein und behalten die Trends und Ver\u00e4nderungen stets im Blick. Neben der Sicherheit und Qualit\u00e4t unserer Produkte muss der Aspekt der Nachhaltigkeit und die Auswirkungen auf die Umwelt st\u00e4rken zusammengef\u00fchrt werden.<\/p>\n\n\n\n<p>Unsere Mission:<br>Unser Ziel ist es erfolgreich Hygieneprodukte zu entwickeln, zu produzieren und zu vermarkten, die nach aktuellem Stand der Technik ausreichenden Schutz der menschlichen Gesundheit bieten, ohne dabei unn\u00f6tige Risiken auszul\u00f6sen, nachteilige Effekte zu f\u00f6rdern oder Mensch und Umwelt nachhaltig zu sch\u00e4digen. So k\u00f6nnen wir der nachhaltigste und kompetenteste Hersteller und Anbieter im Hygienebereich sein.<\/p>\n\n\n\n<h3 class=\"wp-block-heading\">Unsere Nachhaltigkeitsstrategie \u2013 Unsere vier Fokusfelder<\/h3>\n\n\n\n<p>Nachhaltigkeit ist der Teil der strategischen Ausrichtung unseres Unternehmens und wird systematisch in die Entscheidungsprozesse integriert. Die erste Verantwortungsebene ist die Gesch\u00e4ftsleitung. So k\u00f6nnen wir sicherstellen, dass die Strategien und Ma\u00dfnahmen effektiv und gezielt umgesetzt werden, sodass ein positiver Beitrag zur Erreichung der Ziele der Sustainable Development Goals (SDGs) erreicht werden kann.<\/p>\n\n\n\n<p>Gemeinsam mit der Gesch\u00e4ftsleitung und den leitenden Angestellten wurde das Nachhaltigkeitsleitbild entwickelt, dass die Vision und Mission der NW-Chemie GmbH beschreiben. Die wesentlichen Themen und die Auswirkungen auf die SDGs wurden priorisiert und in das Nachhaltigkeitsmanagement integriert. Die Anforderungen der verschiedenen Stakeholder spiegeln sich dort wider. Unsere vier Fokusfelder\/Themenfelder b\u00fcndeln unsere Bem\u00fchungen einer nachhaltigen Entwicklung.<\/p>\n\n\n\n<p>Die selbstgesteckten Ziele k\u00f6nnen wir nur mit engagierten und motivierten Besch\u00e4ftigten erreichen, die aktiv in die Umsetzung eingebunden sind. Zus\u00e4tzlich m\u00f6chten wir sie f\u00fcr Nachhaltigkeit im Allgemeinen und im Arbeitsleben sensibilisieren und dazu ermutigen, eigene Ideen vorzustellen. Unsere Strategie basiert auf vier Themenfeldern.<\/p>\n\n\n\n<h3 class=\"wp-block-heading\">Nachhaltige Produkte:<\/h3>\n\n\n\n<p>Mit qualitativ hochwertigen und sicheren Produkten m\u00f6chten wir unsere Kunden und Kundinnen begeistern. Durch kontinuierliche Verbesserungen unseres Portfolios erzielen wir eine positive Wirkung f\u00fcr unsere Konsumenten und k\u00f6nnen negative Auswirkungen entlang der Wertsch\u00f6pfungskette minimieren. Unser oberstes Ziel ist es, sinnvolle und nachhaltige Produkte sowie Dienstleistungen anzubieten, die die Gesundheit aller Menschen sch\u00fctzen, verbessern oder wiederherstellen. Angefangen bei der Produktentwicklung betrachten wir den gesamten Lebenszyklus und legen den Fokus auf umweltvertr\u00e4gliche und ressourcenschonende Produkte. In der Entwicklung werden fr\u00fchzeitig Aspekte einer nachhaltigen Entwicklung integriert. Voraussetzung daf\u00fcr sind motivierte Mitarbeitende und hohe Innovationskraft, um als bester und nachhaltigster Hersteller die Nachfrage nach Desinfektions-, Medizin- und Kosmetikprodukten sowie Wasch- und Reinigungsmittel zu decken.<\/p>\n\n\n<div class=\"wp-block-image\">\n<figure class=\"aligncenter\"><img decoding=\"async\" src=\"https:\/\/rheosol.com\/wp-content\/uploads\/2022\/09\/AA1.png\" alt=\"\" title=\"\"\/><\/figure>\n<\/div>\n\n\n<h3 class=\"wp-block-heading\">Nachhaltige Lieferkette:<\/h3>\n\n\n\n<p>Nachhaltigkeit entlang der gesamten Lieferkette sichert langfristiges Wachstum. Gemeinsam mit unseren Lieferanten m\u00fcssen wir Verantwortung \u00fcbernehmen, um die Einhaltung der Menschenrechte sowie der sozialen und \u00f6kologischen Standards gew\u00e4hrleisten zu k\u00f6nnen. Ma\u00dfgeblich daf\u00fcr ist Transparenz, da der direkte Einfluss f\u00fcr kleine und mittelst\u00e4ndische Unternehmen oftmals begrenzt ist und negative Auswirkungen identifiziert werden k\u00f6nnen. Die Unterzeichnung des Lieferantenkodex unterst\u00fctzt unser Bestreben eine vertrauensvolle Gesch\u00e4ftsbeziehung aufzubauen und Nachhaltigkeit zu f\u00f6rdern.<\/p>\n\n\n<div class=\"wp-block-image\">\n<figure class=\"aligncenter\"><img decoding=\"async\" src=\"https:\/\/rheosol.com\/wp-content\/uploads\/2022\/09\/A2.png\" alt=\"\" title=\"\"\/><\/figure>\n<\/div>\n\n\n<h3 class=\"wp-block-heading\">Umwelt und Klima:<\/h3>\n\n\n\n<p>Die Wirtschaft durchl\u00e4uft eine \u00f6kologische Transformation. Eine ressourcenschonende und energieeffiziente Produktion ist nicht nur aus \u00f6konomischen Gr\u00fcnden sinnvoll. Ein verantwortungsvoller Umgang mit den nat\u00fcrlichen Lebensr\u00e4umen besitzt einen hohen Stellenwert, um nachfolgende Generationen nicht einzuschr\u00e4nken. Klimaschutzma\u00dfnahmen bis hin zur Klimaneutralit\u00e4t sind Themenfelder, die immer mehr in den Fokus ger\u00fcckt werden. Gesundheitsschutz bedeutet auch Klimaschutz. Die Verminderung der eigenen Umweltauswirkungen und der unserer Lieferanten und Partner f\u00f6rdert die Erhaltung der allgemeinen Gesundheit. Mit unseren Produkten und Gesch\u00e4ftst\u00e4tigkeiten m\u00f6chten wir die Folgen des Klimawandels im Allgemeinen und besonders auf die Gesundheit reduzieren.<\/p>\n\n\n<div class=\"wp-block-image\">\n<figure class=\"aligncenter\"><img decoding=\"async\" src=\"https:\/\/rheosol.com\/wp-content\/uploads\/2022\/09\/a3.png\" alt=\"\" title=\"\"\/><\/figure>\n<\/div>\n\n\n<h3 class=\"wp-block-heading\">Menschen und Gesellschaft:<\/h3>\n\n\n\n<p>Unsere Mitarbeiterinnen und Mitarbeiter sind der Ursprung unseres Erfolges. Deshalb m\u00f6chten wir als attraktiver und vertrauensvoller Arbeitgeber wahrgenommen werden, der die Mitarbeitenden unterst\u00fctzt und die F\u00e4higkeiten konsequent weiterentwickelt. Das Thema Menschenrechte betrifft viele Querschnittsthemen von NW-Chemie: Die Wahrung der Menschenrechte entlang der Wertsch\u00f6pfungs- und Lieferkette bis hin zu den Arbeitsbedingungen im eigenen Betrieb. Auch im direkten Umfeld m\u00f6chten wir als ein verl\u00e4sslicher Partner wahrgenommen werden und \u00fcbernehmen daher Verantwortung f\u00fcr unser Umfeld. Dies setzt die n\u00f6tige Transparenz unserer Aktivit\u00e4ten voraus. Der Dialog mit unmittelbar betroffenen Stakeholdern wie Nachbarn, Verb\u00e4nden oder Beh\u00f6rden ist uns daher wichtig. Sozialrelevante Aspekte k\u00f6nnen nur gemeinsam mit unseren Partnern vorangetrieben werden.<\/p>\n\n\n<div class=\"wp-block-image\">\n<figure class=\"aligncenter\"><img decoding=\"async\" src=\"https:\/\/rheosol.com\/wp-content\/uploads\/2022\/09\/A4.png\" alt=\"\" title=\"\"\/><\/figure>\n<\/div>\n\n\n<hr class=\"wp-block-separator has-alpha-channel-opacity is-style-default\"\/>\n\n\n\n<h3 class=\"wp-block-heading\">Unsere SDGs:<\/h3>\n\n\n\n<figure class=\"wp-block-table is-style-stripes\" style=\"letter-spacing:0px\"><table><tbody><tr><td><strong>3<\/strong><\/td><td>&nbsp;<\/td><td>Mit unseren qualitativ hochwertigen und innovativen Produkten f\u00f6rdern wir die Gesundheit und Sicherheit. Die negativen Auswirkungen entlang der Lieferkette m\u00f6chten wir auf ein Minimum reduzieren und den Zugang zu Gesundheitsprodukten und -dienstleistungen erm\u00f6glichen.<\/td><\/tr><tr><td><strong>4<\/strong><\/td><td><\/td><td>Unsere Mitarbeiterinnen und Mitarbeiter sind unsere gr\u00f6\u00dften Ressourcen. Daher sind wir bestrebt eine passgenaue Weiterbildung zu erm\u00f6glichen, die Vereinbarkeit von Familie und Beruf zu gew\u00e4hrleisten sowie.<\/td><\/tr><tr><td><strong>5<\/strong><\/td><td><\/td><td>Geschlechtergleichheit ist ein wichtiger Faktor, um eine nachhaltige Entwicklung erreichen zu k\u00f6nnen. Die Chancengleichheit im Unternehmen ist uns eine Herzensangelegenheit.<\/td><\/tr><tr><td><strong>8<\/strong><\/td><td><\/td><td>Wir k\u00f6nnen nur dann einen Mehrwert schaffen, wenn wir langfristig wirtschaftlich erfolgreich sind. Wichtige Faktoren, um dies erreichen zu k\u00f6nnen, sind nachhaltige Lieferketten, die Wahrung von Menschenrechten und langfristige Partnerschaften.<\/td><\/tr><tr><td><strong>9<\/strong><\/td><td><\/td><td>Investitionen in Forschung und Entwicklung sind unabdingbar, um nachhaltige Produkte anbieten zu k\u00f6nnen. Daf\u00fcr sind Modernisierungen und Innovationen n\u00f6tig, um die Trends von morgen zu erkennen und umsetzen zu k\u00f6nnen.<\/td><\/tr><tr><td><strong>10<\/strong><\/td><td><\/td><td>Alle Menschen bekommen die gleichen Chancen, sich verwirklichen zu k\u00f6nnen. Wir setzen uns aktiv f\u00fcr eine diskriminierungsfreies und positives Arbeitsklima ein.<\/td><\/tr><tr><td><strong>12<\/strong><\/td><td><\/td><td>Die F\u00f6rderung verantwortungsvollen Konsums durch umweltfreundliche Sortimentsentwicklung sowie der Kreislaufwirtschaft und des zirkul\u00e4ren Denkens m\u00fcssen Teil der Unternehmensstrategie sein, um eine nachhaltige Entwicklung zu f\u00f6rdern.<\/td><\/tr><tr><td><strong>13<\/strong><\/td><td><\/td><td>Wir m\u00fcssen uns entlang der gesamten Wertsch\u00f6pfungskette f\u00fcr \u00f6kologische Standards und Ma\u00dfnahmen zum Klimaschutz einsetzen, damit die \u00f6kologische Transformation hin zu einer CO<sub>2<\/sub>-freien Wirtschaft gelingen kann.<\/td><\/tr><tr><td><strong>14<\/strong><\/td><td><\/td><td>Unsere negativen Auswirkungen auf die Meere und Ozeanen sollen reduziert und vermieden werden. Nachhaltige Produkte, Chemikalien und Rohstoffe spielen eine wichtige Rolle dabei.<\/td><\/tr><\/tbody><\/table><\/figure>\n\n\n\n<div class=\"wp-block-columns is-layout-flex wp-container-core-columns-is-layout-9d6595d7 wp-block-columns-is-layout-flex\">\n<div class=\"wp-block-column is-layout-flow wp-block-column-is-layout-flow\"><div class=\"wp-block-image\">\n<figure class=\"aligncenter size-full\"><img loading=\"lazy\" decoding=\"async\" width=\"129\" height=\"123\" src=\"https:\/\/rheosol.com\/wp-content\/uploads\/2022\/09\/3.jpg\" alt=\"\" class=\"wp-image-247\"\/><\/figure>\n<\/div><\/div>\n\n\n\n<div class=\"wp-block-column is-layout-flow wp-block-column-is-layout-flow\"><div class=\"wp-block-image\">\n<figure class=\"aligncenter size-full\"><img loading=\"lazy\" decoding=\"async\" width=\"129\" height=\"126\" src=\"https:\/\/rheosol.com\/wp-content\/uploads\/2022\/09\/4-3.jpg\" alt=\"\" class=\"wp-image-477\"\/><\/figure>\n<\/div><\/div>\n\n\n\n<div class=\"wp-block-column is-layout-flow wp-block-column-is-layout-flow\"><div class=\"wp-block-image\">\n<figure class=\"aligncenter size-full\"><img loading=\"lazy\" decoding=\"async\" width=\"128\" height=\"126\" src=\"https:\/\/rheosol.com\/wp-content\/uploads\/2022\/09\/5.jpg\" alt=\"\" class=\"wp-image-250\"\/><\/figure>\n<\/div><\/div>\n<\/div>\n\n\n\n<div class=\"wp-block-columns is-layout-flex wp-container-core-columns-is-layout-9d6595d7 wp-block-columns-is-layout-flex\">\n<div class=\"wp-block-column is-layout-flow wp-block-column-is-layout-flow\"><div class=\"wp-block-image\">\n<figure class=\"aligncenter size-full\"><img loading=\"lazy\" decoding=\"async\" width=\"128\" height=\"126\" src=\"https:\/\/rheosol.com\/wp-content\/uploads\/2022\/09\/8.jpg\" alt=\"\" class=\"wp-image-251\"\/><\/figure>\n<\/div><\/div>\n\n\n\n<div class=\"wp-block-column is-layout-flow wp-block-column-is-layout-flow\"><div class=\"wp-block-image\">\n<figure class=\"aligncenter size-full\"><img loading=\"lazy\" decoding=\"async\" width=\"128\" height=\"123\" src=\"https:\/\/rheosol.com\/wp-content\/uploads\/2022\/09\/9.jpg\" alt=\"\" class=\"wp-image-252\"\/><\/figure>\n<\/div><\/div>\n\n\n\n<div class=\"wp-block-column is-layout-flow wp-block-column-is-layout-flow\"><div class=\"wp-block-image\">\n<figure class=\"aligncenter size-full\"><img loading=\"lazy\" decoding=\"async\" width=\"130\" height=\"126\" src=\"https:\/\/rheosol.com\/wp-content\/uploads\/2022\/09\/10.jpg\" alt=\"\" class=\"wp-image-253\"\/><\/figure>\n<\/div><\/div>\n<\/div>\n","protected":false},"excerpt":{"rendered":"<p>Nachhaltigkeit Wir sind verantwortlich f\u00fcr die Gestaltung unserer Zukunft. Die Sicherheit und Qualit\u00e4t unserer Produkte d\u00fcrfen Nachhaltigkeit nicht ausschlie\u00dfen, im Gegeteil. Sie m\u00fcssen zusammengebracht werden, um zukunftsf\u00e4hig sein zu k\u00f6nnen. Die Einhaltung der Standards ist nicht ausreichend, um einen wesentlichen Beitrag zu einer nachhaltigen Entwicklung zu leisten. Unsere strategischen Ziele und Key Performance Indicators (KPIs)&hellip;&nbsp;<a href=\"https:\/\/rheosol.com\/index.php\/unternehmen\/nachhaltigkeit\/\" class=\"\" rel=\"bookmark\">Weiterlesen &raquo;<span class=\"screen-reader-text\">Nachhaltigkeit<\/span><\/a><\/p>\n","protected":false},"author":1,"featured_media":0,"parent":6,"menu_order":99,"comment_status":"closed","ping_status":"closed","template":"","meta":{"neve_meta_sidebar":"","neve_meta_container":"","neve_meta_enable_content_width":"on","neve_meta_content_width":100,"neve_meta_title_alignment":"center","neve_meta_author_avatar":"","neve_post_elements_order":"","neve_meta_disable_header":"","neve_meta_disable_footer":"","neve_meta_disable_title":"on","footnotes":""},"class_list":["post-9","page","type-page","status-publish","hentry"],"_links":{"self":[{"href":"https:\/\/rheosol.com\/index.php\/wp-json\/wp\/v2\/pages\/9","targetHints":{"allow":["GET"]}}],"collection":[{"href":"https:\/\/rheosol.com\/index.php\/wp-json\/wp\/v2\/pages"}],"about":[{"href":"https:\/\/rheosol.com\/index.php\/wp-json\/wp\/v2\/types\/page"}],"author":[{"embeddable":true,"href":"https:\/\/rheosol.com\/index.php\/wp-json\/wp\/v2\/users\/1"}],"replies":[{"embeddable":true,"href":"https:\/\/rheosol.com\/index.php\/wp-json\/wp\/v2\/comments?post=9"}],"version-history":[{"count":18,"href":"https:\/\/rheosol.com\/index.php\/wp-json\/wp\/v2\/pages\/9\/revisions"}],"predecessor-version":[{"id":538,"href":"https:\/\/rheosol.com\/index.php\/wp-json\/wp\/v2\/pages\/9\/revisions\/538"}],"up":[{"embeddable":true,"href":"https:\/\/rheosol.com\/index.php\/wp-json\/wp\/v2\/pages\/6"}],"wp:attachment":[{"href":"https:\/\/rheosol.com\/index.php\/wp-json\/wp\/v2\/media?parent=9"}],"curies":[{"name":"wp","href":"https:\/\/api.w.org\/{rel}","templated":true}]}}