{"id":7,"date":"2022-08-16T20:28:45","date_gmt":"2022-08-16T18:28:45","guid":{"rendered":"https:\/\/rheosol.com\/wordpress\/?page_id=7"},"modified":"2022-09-06T09:31:22","modified_gmt":"2022-09-06T07:31:22","slug":"kontakt","status":"publish","type":"page","link":"https:\/\/rheosol.com\/index.php\/kontakt\/","title":{"rendered":"Kontakt"},"content":{"rendered":"\n<div class=\"wp-block-cover alignfull\" style=\"min-height:400px;aspect-ratio:unset;\"><span aria-hidden=\"true\" class=\"wp-block-cover__background has-nv-site-bg-background-color has-background-dim-80 has-background-dim\"><\/span><img loading=\"lazy\" decoding=\"async\" width=\"2560\" height=\"1165\" class=\"wp-block-cover__image-background wp-image-270\" alt=\"\" src=\"https:\/\/rheosol.com\/wordpress\/wp-content\/uploads\/2022\/09\/IMG_0700-scaled.jpeg\" data-object-fit=\"cover\" srcset=\"https:\/\/rheosol.com\/wp-content\/uploads\/2022\/09\/IMG_0700-scaled.jpeg 2560w, https:\/\/rheosol.com\/wp-content\/uploads\/2022\/09\/IMG_0700-300x137.jpeg 300w, https:\/\/rheosol.com\/wp-content\/uploads\/2022\/09\/IMG_0700-1024x466.jpeg 1024w, https:\/\/rheosol.com\/wp-content\/uploads\/2022\/09\/IMG_0700-768x350.jpeg 768w, https:\/\/rheosol.com\/wp-content\/uploads\/2022\/09\/IMG_0700-1536x699.jpeg 1536w, https:\/\/rheosol.com\/wp-content\/uploads\/2022\/09\/IMG_0700-2048x932.jpeg 2048w\" sizes=\"auto, (max-width: 2560px) 100vw, 2560px\" \/><div class=\"wp-block-cover__inner-container is-layout-flow wp-block-cover-is-layout-flow\">\n<div class=\"wp-block-group\"><div class=\"wp-block-group__inner-container is-layout-flow wp-block-group-is-layout-flow\">\n<h1 class=\"has-text-align-left has-neve-text-color-color has-text-color wp-block-heading\"><\/h1>\n<\/div><\/div>\n<\/div><\/div>\n\n\n\n<h2 class=\"wp-block-heading\"><\/h2>\n\n\n\n<p>Vielen Dank f\u00fcr Ihr Interesse. Auf Ihre Fragen und Anregungen antworten wir so schnell wie m\u00f6glich. <br>Rufen Sie uns an oder schicken Sie uns Ihre Anfrage per E-Mail.<\/p>\n\n\n\n<h3 class=\"wp-block-heading\">Anschrift<\/h3>\n\n\n\n<p><strong>NW-Chemie GmbH<\/strong><br>Langbaurghstra\u00dfe 15<br>DE 53842 Troisdorf-Spich<\/p>\n\n\n\n<p>T +49 2241 3923-0<br>F +49 2241 3923-90<br>info(at)rheosol.com<br>www.rheosol.com<\/p>\n\n\n\n<iframe loading=\"lazy\" src=\"https:\/\/www.google.com\/maps\/embed?pb=!1m18!1m12!1m3!1d2520.494523417759!2d7.106471315848526!3d50.82200336840352!2m3!1f0!2f0!3f0!3m2!1i1024!2i768!4f13.1!3m3!1m2!1s0x47bedfb97fc8ffbd%3A0xc52784a867ae05bd!2sNW-Chemie+GmbH!5e0!3m2!1sde!2sde!4v1480606107381\" style=\"border:0\" allowfullscreen=\"\" width=\"600\" height=\"450\" frameborder=\"0\"><\/iframe>\n","protected":false},"excerpt":{"rendered":"<p>Vielen Dank f\u00fcr Ihr Interesse. Auf Ihre Fragen und Anregungen antworten wir so schnell wie m\u00f6glich. Rufen Sie uns an oder schicken Sie uns Ihre Anfrage per E-Mail. Anschrift NW-Chemie GmbHLangbaurghstra\u00dfe 15DE 53842 Troisdorf-Spich T +49 2241 3923-0F +49 2241 3923-90info(at)rheosol.comwww.rheosol.com<\/p>\n","protected":false},"author":1,"featured_media":0,"parent":0,"menu_order":0,"comment_status":"closed","ping_status":"closed","template":"","meta":{"neve_meta_sidebar":"","neve_meta_container":"","neve_meta_enable_content_width":"on","neve_meta_content_width":100,"neve_meta_title_alignment":"","neve_meta_author_avatar":"","neve_post_elements_order":"","neve_meta_disable_header":"","neve_meta_disable_footer":"","neve_meta_disable_title":"on","footnotes":""},"class_list":["post-7","page","type-page","status-publish","hentry"],"_links":{"self":[{"href":"https:\/\/rheosol.com\/index.php\/wp-json\/wp\/v2\/pages\/7","targetHints":{"allow":["GET"]}}],"collection":[{"href":"https:\/\/rheosol.com\/index.php\/wp-json\/wp\/v2\/pages"}],"about":[{"href":"https:\/\/rheosol.com\/index.php\/wp-json\/wp\/v2\/types\/page"}],"author":[{"embeddable":true,"href":"https:\/\/rheosol.com\/index.php\/wp-json\/wp\/v2\/users\/1"}],"replies":[{"embeddable":true,"href":"https:\/\/rheosol.com\/index.php\/wp-json\/wp\/v2\/comments?post=7"}],"version-history":[{"count":17,"href":"https:\/\/rheosol.com\/index.php\/wp-json\/wp\/v2\/pages\/7\/revisions"}],"predecessor-version":[{"id":416,"href":"https:\/\/rheosol.com\/index.php\/wp-json\/wp\/v2\/pages\/7\/revisions\/416"}],"wp:attachment":[{"href":"https:\/\/rheosol.com\/index.php\/wp-json\/wp\/v2\/media?parent=7"}],"curies":[{"name":"wp","href":"https:\/\/api.w.org\/{rel}","templated":true}]}}