{"id":6,"date":"2022-08-16T20:28:45","date_gmt":"2022-08-16T18:28:45","guid":{"rendered":"https:\/\/rheosol.com\/wordpress\/?page_id=6"},"modified":"2022-09-06T07:26:47","modified_gmt":"2022-09-06T05:26:47","slug":"unternehmen","status":"publish","type":"page","link":"https:\/\/rheosol.com\/index.php\/unternehmen\/","title":{"rendered":"Unternehmen"},"content":{"rendered":"\n<div class=\"wp-block-cover alignfull\" style=\"min-height:400px;aspect-ratio:unset;\"><span aria-hidden=\"true\" class=\"wp-block-cover__background has-nv-site-bg-background-color has-background-dim-60 has-background-dim\"><\/span><img loading=\"lazy\" decoding=\"async\" width=\"2560\" height=\"1547\" class=\"wp-block-cover__image-background wp-image-264\" alt=\"\" src=\"https:\/\/rheosol.com\/wordpress\/wp-content\/uploads\/2022\/09\/Noelken-Rheosol-1-scaled.jpg\" style=\"object-position:37% 48%\" data-object-fit=\"cover\" data-object-position=\"37% 48%\" srcset=\"https:\/\/rheosol.com\/wp-content\/uploads\/2022\/09\/Noelken-Rheosol-1-scaled.jpg 2560w, https:\/\/rheosol.com\/wp-content\/uploads\/2022\/09\/Noelken-Rheosol-1-300x181.jpg 300w, https:\/\/rheosol.com\/wp-content\/uploads\/2022\/09\/Noelken-Rheosol-1-1024x619.jpg 1024w, https:\/\/rheosol.com\/wp-content\/uploads\/2022\/09\/Noelken-Rheosol-1-768x464.jpg 768w, https:\/\/rheosol.com\/wp-content\/uploads\/2022\/09\/Noelken-Rheosol-1-1536x928.jpg 1536w, https:\/\/rheosol.com\/wp-content\/uploads\/2022\/09\/Noelken-Rheosol-1-2048x1238.jpg 2048w\" sizes=\"auto, (max-width: 2560px) 100vw, 2560px\" \/><div class=\"wp-block-cover__inner-container is-layout-flow wp-block-cover-is-layout-flow\">\n<p class=\"has-text-align-center has-large-font-size\"><\/p>\n<\/div><\/div>\n\n\n\n<p><\/p>\n\n\n\n<p>Unter der Marke RHEOSOL stellt die NW-Chemie GmbH Reinigungs- und Desinfektionsmittel, Sp\u00fcl- und Waschprodukte, Arzneimittel, Medizinprodukte und Kosmetika her.<\/p>\n\n\n\n<h2 class=\"has-nv-c-2-color has-text-color wp-block-heading\"><strong>RHEOSOL steht f\u00fcr:<\/strong>&nbsp;&nbsp;<\/h2>\n\n\n\n<ul class=\"wp-block-list\"><li><strong>einfache und praxisorientierte Hygienesysteme<\/strong><\/li><li><strong>ein komplettes Produktprogramm f\u00fcr K\u00fcchen und lebensmittelverarbeitende Betriebe<\/strong><\/li><li><strong>sicheren Infektionsschutz im medizinischen Bereich<\/strong><\/li><li><strong>ein umfassendes Hygieneprogramm f\u00fcr Alten- und Pflegeheime, Kliniken und Arztpraxen<\/strong><\/li><li><strong>hochwertige Produkte und umfassende Dienstleistungen<\/strong><\/li><\/ul>\n\n\n\n<p>Die NW-Chemie GmbH ist ein Markenhersteller und gleichzeitig ein Komplettlieferant mit dem notwendigen Zubeh\u00f6r im Bereich der Hygiene. Unsere Kunden erhalten technischen Support und kompetente Betreuung im Bereich der Hygiene. Der Vertrieb wird durch qualifizierte Fachgro\u00dfh\u00e4ndler sichergestellt.&nbsp;<\/p>\n\n\n\n<p>Die NW-Chemie GmbH ist ebenfalls ein zuverl\u00e4ssiger Lohn und OEM-Hersteller. Wir entwickeln und produzieren unsere Produkte nach der EN ISO 13485 unter Ber\u00fccksichtigung der Medizinprodukterichtlinie MDD 93\/42\/EEC.<\/p>\n","protected":false},"excerpt":{"rendered":"<p>Unter der Marke RHEOSOL stellt die NW-Chemie GmbH Reinigungs- und Desinfektionsmittel, Sp\u00fcl- und Waschprodukte, Arzneimittel, Medizinprodukte und Kosmetika her. RHEOSOL steht f\u00fcr:&nbsp;&nbsp; einfache und praxisorientierte Hygienesysteme ein komplettes Produktprogramm f\u00fcr K\u00fcchen und lebensmittelverarbeitende Betriebe sicheren Infektionsschutz im medizinischen Bereich ein umfassendes Hygieneprogramm f\u00fcr Alten- und Pflegeheime, Kliniken und Arztpraxen hochwertige Produkte und umfassende Dienstleistungen Die&hellip;&nbsp;<a href=\"https:\/\/rheosol.com\/index.php\/unternehmen\/\" class=\"\" rel=\"bookmark\">Weiterlesen &raquo;<span class=\"screen-reader-text\">Unternehmen<\/span><\/a><\/p>\n","protected":false},"author":1,"featured_media":0,"parent":0,"menu_order":0,"comment_status":"closed","ping_status":"closed","template":"","meta":{"neve_meta_sidebar":"","neve_meta_container":"","neve_meta_enable_content_width":"on","neve_meta_content_width":100,"neve_meta_title_alignment":"","neve_meta_author_avatar":"","neve_post_elements_order":"","neve_meta_disable_header":"","neve_meta_disable_footer":"","neve_meta_disable_title":"on","footnotes":""},"class_list":["post-6","page","type-page","status-publish","hentry"],"_links":{"self":[{"href":"https:\/\/rheosol.com\/index.php\/wp-json\/wp\/v2\/pages\/6","targetHints":{"allow":["GET"]}}],"collection":[{"href":"https:\/\/rheosol.com\/index.php\/wp-json\/wp\/v2\/pages"}],"about":[{"href":"https:\/\/rheosol.com\/index.php\/wp-json\/wp\/v2\/types\/page"}],"author":[{"embeddable":true,"href":"https:\/\/rheosol.com\/index.php\/wp-json\/wp\/v2\/users\/1"}],"replies":[{"embeddable":true,"href":"https:\/\/rheosol.com\/index.php\/wp-json\/wp\/v2\/comments?post=6"}],"version-history":[{"count":18,"href":"https:\/\/rheosol.com\/index.php\/wp-json\/wp\/v2\/pages\/6\/revisions"}],"predecessor-version":[{"id":393,"href":"https:\/\/rheosol.com\/index.php\/wp-json\/wp\/v2\/pages\/6\/revisions\/393"}],"wp:attachment":[{"href":"https:\/\/rheosol.com\/index.php\/wp-json\/wp\/v2\/media?parent=6"}],"curies":[{"name":"wp","href":"https:\/\/api.w.org\/{rel}","templated":true}]}}