{"id":59,"date":"2022-08-16T21:27:42","date_gmt":"2022-08-16T19:27:42","guid":{"rendered":"https:\/\/rheosol.com\/wordpress\/?page_id=59"},"modified":"2026-04-16T12:56:31","modified_gmt":"2026-04-16T10:56:31","slug":"impressum","status":"publish","type":"page","link":"https:\/\/rheosol.com\/index.php\/unternehmen\/impressum\/","title":{"rendered":"Impressum"},"content":{"rendered":"\n<div class=\"wp-block-cover alignfull\" style=\"min-height:400px;aspect-ratio:unset;\"><span aria-hidden=\"true\" class=\"wp-block-cover__background has-nv-site-bg-background-color has-background-dim-60 has-background-dim\"><\/span><img loading=\"lazy\" decoding=\"async\" width=\"2560\" height=\"1547\" class=\"wp-block-cover__image-background wp-image-264\" alt=\"\" src=\"https:\/\/rheosol.com\/wordpress\/wp-content\/uploads\/2022\/09\/Noelken-Rheosol-1-scaled.jpg\" style=\"object-position:37% 48%\" data-object-fit=\"cover\" data-object-position=\"37% 48%\" srcset=\"https:\/\/rheosol.com\/wp-content\/uploads\/2022\/09\/Noelken-Rheosol-1-scaled.jpg 2560w, https:\/\/rheosol.com\/wp-content\/uploads\/2022\/09\/Noelken-Rheosol-1-300x181.jpg 300w, https:\/\/rheosol.com\/wp-content\/uploads\/2022\/09\/Noelken-Rheosol-1-1024x619.jpg 1024w, https:\/\/rheosol.com\/wp-content\/uploads\/2022\/09\/Noelken-Rheosol-1-768x464.jpg 768w, https:\/\/rheosol.com\/wp-content\/uploads\/2022\/09\/Noelken-Rheosol-1-1536x928.jpg 1536w, https:\/\/rheosol.com\/wp-content\/uploads\/2022\/09\/Noelken-Rheosol-1-2048x1238.jpg 2048w\" sizes=\"auto, (max-width: 2560px) 100vw, 2560px\" \/><div class=\"wp-block-cover__inner-container is-layout-flow wp-block-cover-is-layout-flow\">\n<p class=\"has-text-align-center has-large-font-size\"><\/p>\n<\/div><\/div>\n\n\n\n<div style=\"height:40px\" aria-hidden=\"true\" class=\"wp-block-spacer\"><\/div>\n\n\n\n<div style=\"height:40px\" aria-hidden=\"true\" class=\"wp-block-spacer\"><\/div>\n\n\n\n<h2 class=\"wp-block-heading\">Impressum<\/h2>\n\n\n\n<p><strong>NW-Chemie GmbH<\/strong><br>Langbaurghstra\u00dfe 15<br>DE 53842 Troisdorf-Spich<\/p>\n\n\n\n<p>+49 2241 3923-0<br>+49 2241 3923-90<br>info(at)rheosol(dot)com<br>www.rheosol.com<\/p>\n\n\n\n<p><br>USt-IdNr.: DE149524076<br>Steuernummer: 220\/5838\/1601<br>EORI-Nr.: DE234459559306541<\/p>\n\n\n\n<p>Gerichtsstand und Registergericht: Siegburg, HRB 15899<br>Gesch\u00e4ftsf\u00fchrer: Jan Wachendorff, Daniel N\u00f6lken<\/p>\n\n\n\n<p>Die NW-Chemie GmbH stellt ihr Internetangebot unter folgenden Nutzungsbedingungen zur Verf\u00fcgung:&nbsp;<\/p>\n\n\n\n<ul class=\"wp-block-list\">\n<li>Die NW-Chemie GmbH ist als Diensteanbieter nach \u00a7 8 Abs. 1 TDG f\u00fcr die eigenen Inhalte, die es zur Nutzung bereith\u00e4lt, nach den allgemeinen Vorschriften verantwortlich. Die Haftung f\u00fcr Sch\u00e4den materieller oder ideeller Art, die durch die Nutzung der Inhalte verursacht wurden, ist ausgeschlossen, sofern nicht Vorsatz oder grobe Fahrl\u00e4ssigkeit vorliegt.<\/li>\n\n\n\n<li>Soweit ein Text von dritter Seite erstellt ist, wird der jeweilige Verfasser namentlich benannt.<\/li>\n<\/ul>\n\n\n\n<p>In diesen F\u00e4llen ist der Verfasser des jeweiligen Dokuments bzw. sein Auftraggeber f\u00fcr den Inhalt verantwortlich.<\/p>\n\n\n\n<p><strong>Haftungsausschlu\u00df im Sinne \u00a7 9 TDG<\/strong><br>Die NW-Chemie GmbH macht sich den Inhalt, der innerhalb seines Angebots per Hyperlinks zug\u00e4nglich gemachten fremden Websites ausdr\u00fccklich nicht zu eigen und kann deshalb f\u00fcr deren inhaltliche Korrektheit, Vollst\u00e4ndigkeit und Verf\u00fcgbarkeit keine Gew\u00e4hr leisten. Die NW-Chemie GmbH hat keinen Einfluss auf die aktuelle und zuk\u00fcnftige Gestaltung und auf Inhalte der gelinkten Seiten.<\/p>\n\n\n\n<h2 class=\"wp-block-heading\"><\/h2>\n\n\n\n<h2 class=\"wp-block-heading\"><\/h2>\n","protected":false},"excerpt":{"rendered":"<p>Impressum NW-Chemie GmbHLangbaurghstra\u00dfe 15DE 53842 Troisdorf-Spich +49 2241 3923-0+49 2241 3923-90info(at)rheosol(dot)comwww.rheosol.com USt-IdNr.: DE149524076Steuernummer: 220\/5838\/1601EORI-Nr.: DE234459559306541 Gerichtsstand und Registergericht: Siegburg, HRB 15899Gesch\u00e4ftsf\u00fchrer: Jan Wachendorff, Daniel N\u00f6lken Die NW-Chemie GmbH stellt ihr Internetangebot unter folgenden Nutzungsbedingungen zur Verf\u00fcgung:&nbsp; In diesen F\u00e4llen ist der Verfasser des jeweiligen Dokuments bzw. sein Auftraggeber f\u00fcr den Inhalt verantwortlich. Haftungsausschlu\u00df im Sinne&hellip;&nbsp;<a href=\"https:\/\/rheosol.com\/index.php\/unternehmen\/impressum\/\" class=\"\" rel=\"bookmark\">Weiterlesen &raquo;<span class=\"screen-reader-text\">Impressum<\/span><\/a><\/p>\n","protected":false},"author":1,"featured_media":0,"parent":6,"menu_order":0,"comment_status":"closed","ping_status":"closed","template":"","meta":{"neve_meta_sidebar":"","neve_meta_container":"","neve_meta_enable_content_width":"","neve_meta_content_width":0,"neve_meta_title_alignment":"","neve_meta_author_avatar":"","neve_post_elements_order":"","neve_meta_disable_header":"","neve_meta_disable_footer":"","neve_meta_disable_title":"on","footnotes":""},"class_list":["post-59","page","type-page","status-publish","hentry"],"_links":{"self":[{"href":"https:\/\/rheosol.com\/index.php\/wp-json\/wp\/v2\/pages\/59","targetHints":{"allow":["GET"]}}],"collection":[{"href":"https:\/\/rheosol.com\/index.php\/wp-json\/wp\/v2\/pages"}],"about":[{"href":"https:\/\/rheosol.com\/index.php\/wp-json\/wp\/v2\/types\/page"}],"author":[{"embeddable":true,"href":"https:\/\/rheosol.com\/index.php\/wp-json\/wp\/v2\/users\/1"}],"replies":[{"embeddable":true,"href":"https:\/\/rheosol.com\/index.php\/wp-json\/wp\/v2\/comments?post=59"}],"version-history":[{"count":12,"href":"https:\/\/rheosol.com\/index.php\/wp-json\/wp\/v2\/pages\/59\/revisions"}],"predecessor-version":[{"id":739,"href":"https:\/\/rheosol.com\/index.php\/wp-json\/wp\/v2\/pages\/59\/revisions\/739"}],"up":[{"embeddable":true,"href":"https:\/\/rheosol.com\/index.php\/wp-json\/wp\/v2\/pages\/6"}],"wp:attachment":[{"href":"https:\/\/rheosol.com\/index.php\/wp-json\/wp\/v2\/media?parent=59"}],"curies":[{"name":"wp","href":"https:\/\/api.w.org\/{rel}","templated":true}]}}