{"id":56,"date":"2022-08-16T21:27:07","date_gmt":"2022-08-16T19:27:07","guid":{"rendered":"https:\/\/rheosol.com\/wordpress\/?page_id=56"},"modified":"2026-03-27T09:01:55","modified_gmt":"2026-03-27T08:01:55","slug":"zertifizierung","status":"publish","type":"page","link":"https:\/\/rheosol.com\/index.php\/zertifizierung\/","title":{"rendered":"Zertifizierung"},"content":{"rendered":"\n<div class=\"wp-block-cover alignfull\" style=\"min-height:400px;aspect-ratio:unset;\"><span aria-hidden=\"true\" class=\"wp-block-cover__background has-nv-site-bg-background-color has-background-dim-60 has-background-dim\"><\/span><img loading=\"lazy\" decoding=\"async\" width=\"2560\" height=\"1547\" class=\"wp-block-cover__image-background wp-image-264\" alt=\"\" src=\"https:\/\/rheosol.com\/wordpress\/wp-content\/uploads\/2022\/09\/Noelken-Rheosol-1-scaled.jpg\" style=\"object-position:37% 48%\" data-object-fit=\"cover\" data-object-position=\"37% 48%\" srcset=\"https:\/\/rheosol.com\/wp-content\/uploads\/2022\/09\/Noelken-Rheosol-1-scaled.jpg 2560w, https:\/\/rheosol.com\/wp-content\/uploads\/2022\/09\/Noelken-Rheosol-1-300x181.jpg 300w, https:\/\/rheosol.com\/wp-content\/uploads\/2022\/09\/Noelken-Rheosol-1-1024x619.jpg 1024w, https:\/\/rheosol.com\/wp-content\/uploads\/2022\/09\/Noelken-Rheosol-1-768x464.jpg 768w, https:\/\/rheosol.com\/wp-content\/uploads\/2022\/09\/Noelken-Rheosol-1-1536x928.jpg 1536w, https:\/\/rheosol.com\/wp-content\/uploads\/2022\/09\/Noelken-Rheosol-1-2048x1238.jpg 2048w\" sizes=\"auto, (max-width: 2560px) 100vw, 2560px\" \/><div class=\"wp-block-cover__inner-container is-layout-flow wp-block-cover-is-layout-flow\">\n<p class=\"has-text-align-center has-large-font-size\"><\/p>\n<\/div><\/div>\n\n\n\n<div style=\"height:40px\" aria-hidden=\"true\" class=\"wp-block-spacer\"><\/div>\n\n\n\n<div style=\"height:40px\" aria-hidden=\"true\" class=\"wp-block-spacer\"><\/div>\n\n\n\n<h2 class=\"wp-block-heading\">Zertifizierung<\/h2>\n\n\n\n<p class=\"has-nv-c-2-color has-text-color\"><strong>Qualit\u00e4t &#8211; Arbeitssicherheit &#8211; Umweltschutz<\/strong><\/p>\n\n\n\n<p>Wir halten alle relevanten Normen, Gesetze und Richtlinien ein und lassen uns dies j\u00e4hrlich von anerkannten Stellen best\u00e4tigen. Unser integriertes Managementsystem basiert auf Qualit\u00e4t, Arbeitssicherheit und Umweltschutz. Unser Qualit\u00e4tsmanagementsystem ist gem\u00e4\u00df DIN EN ISO 13485 zertifiziert. Als Medizinprodukte-Hersteller verf\u00fcgen wir zudem \u00fcber ein g\u00fcltiges EG-Zertifikat gem\u00e4\u00df Richtlinie 93\/42\/EWG. &nbsp;<\/p>\n\n\n\n<p><strong><a href=\"https:\/\/rheosol.com\/wp-content\/uploads\/2025\/09\/ISO-Zertifikat.pdf\" data-type=\"attachment\" data-id=\"703\">DIN EN ISO 13485:2021 \/ EN ISO 13485:2016 + AC:2018 + A11:2021<\/a><\/strong><\/p>\n\n\n\n<p><strong><a href=\"https:\/\/rheosol.com\/wp-content\/uploads\/2022\/09\/TUeV-EG-Zertifikat.pdf\">EG-Zertifikat f\u00fcr Desinfektionsmittel gem. 93\/42\/EWG Anhang I<\/a><\/strong><\/p>\n\n\n\n<p><a href=\"https:\/\/rheosol.com\/wp-content\/uploads\/2024\/04\/TUEV-Cert-2024-DE.png\" data-type=\"attachment\" data-id=\"675\"><strong>Zertifizierung des Qualit\u00e4tsmanagement Systems nach (EU) 2017\/745 (MDR)<\/strong><\/a><\/p>\n\n\n\n<p><strong><a href=\"https:\/\/rheosol.com\/wp-content\/uploads\/2026\/03\/260306_Interim-declaration_-MDR_-engl_NW-Chemie_Rev1_CS_HN.pdf\">Interim declaration Certification of a Quality Management System according to (EU) 2017\/745 (MDR)<\/a><\/strong><\/p>\n\n\n\n<p><\/p>\n\n\n\n<p><\/p>\n","protected":false},"excerpt":{"rendered":"<p>Zertifizierung Qualit\u00e4t &#8211; Arbeitssicherheit &#8211; Umweltschutz Wir halten alle relevanten Normen, Gesetze und Richtlinien ein und lassen uns dies j\u00e4hrlich von anerkannten Stellen best\u00e4tigen. Unser integriertes Managementsystem basiert auf Qualit\u00e4t, Arbeitssicherheit und Umweltschutz. Unser Qualit\u00e4tsmanagementsystem ist gem\u00e4\u00df DIN EN ISO 13485 zertifiziert. Als Medizinprodukte-Hersteller verf\u00fcgen wir zudem \u00fcber ein g\u00fcltiges EG-Zertifikat gem\u00e4\u00df Richtlinie 93\/42\/EWG. &nbsp;&hellip;&nbsp;<a href=\"https:\/\/rheosol.com\/index.php\/zertifizierung\/\" class=\"\" rel=\"bookmark\">Weiterlesen &raquo;<span class=\"screen-reader-text\">Zertifizierung<\/span><\/a><\/p>\n","protected":false},"author":1,"featured_media":0,"parent":0,"menu_order":0,"comment_status":"closed","ping_status":"closed","template":"","meta":{"neve_meta_sidebar":"","neve_meta_container":"","neve_meta_enable_content_width":"","neve_meta_content_width":0,"neve_meta_title_alignment":"","neve_meta_author_avatar":"","neve_post_elements_order":"","neve_meta_disable_header":"","neve_meta_disable_footer":"","neve_meta_disable_title":"on","footnotes":""},"class_list":["post-56","page","type-page","status-publish","hentry"],"_links":{"self":[{"href":"https:\/\/rheosol.com\/index.php\/wp-json\/wp\/v2\/pages\/56","targetHints":{"allow":["GET"]}}],"collection":[{"href":"https:\/\/rheosol.com\/index.php\/wp-json\/wp\/v2\/pages"}],"about":[{"href":"https:\/\/rheosol.com\/index.php\/wp-json\/wp\/v2\/types\/page"}],"author":[{"embeddable":true,"href":"https:\/\/rheosol.com\/index.php\/wp-json\/wp\/v2\/users\/1"}],"replies":[{"embeddable":true,"href":"https:\/\/rheosol.com\/index.php\/wp-json\/wp\/v2\/comments?post=56"}],"version-history":[{"count":19,"href":"https:\/\/rheosol.com\/index.php\/wp-json\/wp\/v2\/pages\/56\/revisions"}],"predecessor-version":[{"id":736,"href":"https:\/\/rheosol.com\/index.php\/wp-json\/wp\/v2\/pages\/56\/revisions\/736"}],"wp:attachment":[{"href":"https:\/\/rheosol.com\/index.php\/wp-json\/wp\/v2\/media?parent=56"}],"curies":[{"name":"wp","href":"https:\/\/api.w.org\/{rel}","templated":true}]}}