{"id":54,"date":"2022-08-16T21:26:16","date_gmt":"2022-08-16T19:26:16","guid":{"rendered":"https:\/\/rheosol.com\/wordpress\/?page_id=54"},"modified":"2022-09-16T12:50:27","modified_gmt":"2022-09-16T10:50:27","slug":"private-label","status":"publish","type":"page","link":"https:\/\/rheosol.com\/index.php\/unternehmen\/private-label\/","title":{"rendered":"PRIVATE LABEL"},"content":{"rendered":"\n<div class=\"wp-block-cover alignfull\" style=\"min-height:400px;aspect-ratio:unset;\"><span aria-hidden=\"true\" class=\"wp-block-cover__background has-nv-site-bg-background-color has-background-dim-60 has-background-dim\"><\/span><img loading=\"lazy\" decoding=\"async\" width=\"2560\" height=\"1547\" class=\"wp-block-cover__image-background wp-image-264\" alt=\"\" src=\"https:\/\/rheosol.com\/wordpress\/wp-content\/uploads\/2022\/09\/Noelken-Rheosol-1-scaled.jpg\" style=\"object-position:37% 48%\" data-object-fit=\"cover\" data-object-position=\"37% 48%\" srcset=\"https:\/\/rheosol.com\/wp-content\/uploads\/2022\/09\/Noelken-Rheosol-1-scaled.jpg 2560w, https:\/\/rheosol.com\/wp-content\/uploads\/2022\/09\/Noelken-Rheosol-1-300x181.jpg 300w, https:\/\/rheosol.com\/wp-content\/uploads\/2022\/09\/Noelken-Rheosol-1-1024x619.jpg 1024w, https:\/\/rheosol.com\/wp-content\/uploads\/2022\/09\/Noelken-Rheosol-1-768x464.jpg 768w, https:\/\/rheosol.com\/wp-content\/uploads\/2022\/09\/Noelken-Rheosol-1-1536x928.jpg 1536w, https:\/\/rheosol.com\/wp-content\/uploads\/2022\/09\/Noelken-Rheosol-1-2048x1238.jpg 2048w\" sizes=\"auto, (max-width: 2560px) 100vw, 2560px\" \/><div class=\"wp-block-cover__inner-container is-layout-flow wp-block-cover-is-layout-flow\">\n<p class=\"has-text-align-center has-large-font-size\"><\/p>\n<\/div><\/div>\n\n\n\n<div style=\"height:40px\" aria-hidden=\"true\" class=\"wp-block-spacer\"><\/div>\n\n\n\n<div style=\"height:30px\" aria-hidden=\"true\" class=\"wp-block-spacer\"><\/div>\n\n\n<div class=\"wp-block-image\">\n<figure class=\"alignright size-full is-resized\"><img loading=\"lazy\" decoding=\"async\" src=\"https:\/\/rheosol.com\/wordpress\/wp-content\/uploads\/2022\/09\/NW-Chemie_Logo_4C.png\" alt=\"\" class=\"wp-image-424\" width=\"292\" height=\"36\" srcset=\"https:\/\/rheosol.com\/wp-content\/uploads\/2022\/09\/NW-Chemie_Logo_4C.png 799w, https:\/\/rheosol.com\/wp-content\/uploads\/2022\/09\/NW-Chemie_Logo_4C-300x36.png 300w, https:\/\/rheosol.com\/wp-content\/uploads\/2022\/09\/NW-Chemie_Logo_4C-768x93.png 768w\" sizes=\"auto, (max-width: 292px) 100vw, 292px\" \/><\/figure>\n<\/div>\n\n\n<h2 class=\"wp-block-heading\">PRIVATE LABEL und CO-LABEL<\/h2>\n\n\n\n<h5 class=\"wp-block-heading\">Private Label \/ Co-Label<br>Die Leistung der NW-Chemie GmbH<\/h5>\n\n\n\n<p><strong>Erfahrung nutzen<br><\/strong>Mit unserer Vertriebsstruktur und unserem Know-how als Private Label-Hersteller sind wir seit einigen Jahren ein erfahrener und zuverl\u00e4ssiger Partner f\u00fcr Eigenmarken-Konzepte und gew\u00e4hrleisten unseren Kunden&nbsp;eine optimale Betreuung. In diesem Zusammenhang bieten wir unseren bestehenden Kunden, sowie potenziellen Neukunden die M\u00f6glichkeit, Produkte als Eigenmarken zu beziehen und als Handels- oder Industriemarken in den Handel zu bringen.<\/p>\n\n\n\n<p><strong>Produktposition sichern &amp; ausbauen<br><\/strong>Ausgangsbasis Ihrer Aktivit\u00e4ten im Bereich Private Label stellt in der Regel ein starkes Produkt innerhalb Ihres Sortiments dar, welches Sie am Markt weiter voranbringen wollen. Die zweite weit verbreitete Variante ist, dass Sie eine neue Warengruppe ins Sortiment aufnehmen m\u00f6chten und sich dort direkt im Markt mit Ihrer Eigenmarke platzieren m\u00f6chten.&nbsp;Wir unterst\u00fctzen Sie bei Ihrem Vorhaben und begleiten Sie auf dem Weg zu Ihrer Eigenmarke \u2013 von der individuellen Angebotserstellung bis hin zur Bereitstellung Ihres neuen Produktes. Parallel dazu stehen wir Ihnen jederzeit mit unserem kompletten Know-how zur Seite. Unser gemeinsames Ziel ist es mit Ihnen die positive Entwicklung Ihres Unternehmensimages zu f\u00f6rdern.<\/p>\n\n\n\n<p><strong>Service \u201eAlles aus einer Hand\u201c<\/strong><br>Bei uns erhalten unsere Kunden \u201ealles aus einer Hand\u201c: Von der kundengerechten Angebotserstellung, \u00fcber den Designprozess, der Herstellung des Produktes in Kundenaufmachung, sowie die Bereitstellung der Dokumentation \u2013 all dies erfolgt unter Ber\u00fccksichtigung der individuellen Terminsituation.<\/p>\n\n\n\n<p><strong>Win-Win-Konzept<\/strong><br>Um f\u00fcr beide Seiten eine Win-Win-Situation herstellen zu k\u00f6nnen, sind auf Basis einer kundenspezifischen und verbindlichen Preiskalkulation im Vorwege individuelle \u2013 von Produkt zu Produkt unterschiedliche \u2013 Jahresmengen zu vereinbaren. Bei Produkten die neu ins Sortiment aufgenommen werden, wo somit nur eine grobe Sch\u00e4tzung bez\u00fcglich der m\u00f6glichen Jahresmenge stattfinden kann, besteht die M\u00f6glichkeit das Preisgef\u00fcge \u00fcber andere Modelle festzulegen. Generell soll dieses f\u00fcr beide Seiten zu einer gr\u00f6\u00dferen Planungssicherheit bei der gesamten Auftragsabwicklung f\u00fchren und parallel den verwaltungstechnischen Aufwand reduzieren.<\/p>\n","protected":false},"excerpt":{"rendered":"<p>PRIVATE LABEL und CO-LABEL Private Label \/ Co-LabelDie Leistung der NW-Chemie GmbH Erfahrung nutzenMit unserer Vertriebsstruktur und unserem Know-how als Private Label-Hersteller sind wir seit einigen Jahren ein erfahrener und zuverl\u00e4ssiger Partner f\u00fcr Eigenmarken-Konzepte und gew\u00e4hrleisten unseren Kunden&nbsp;eine optimale Betreuung. In diesem Zusammenhang bieten wir unseren bestehenden Kunden, sowie potenziellen Neukunden die M\u00f6glichkeit, Produkte als&hellip;&nbsp;<a href=\"https:\/\/rheosol.com\/index.php\/unternehmen\/private-label\/\" class=\"\" rel=\"bookmark\">Weiterlesen &raquo;<span class=\"screen-reader-text\">PRIVATE LABEL<\/span><\/a><\/p>\n","protected":false},"author":1,"featured_media":0,"parent":6,"menu_order":0,"comment_status":"closed","ping_status":"closed","template":"","meta":{"neve_meta_sidebar":"","neve_meta_container":"","neve_meta_enable_content_width":"","neve_meta_content_width":0,"neve_meta_title_alignment":"","neve_meta_author_avatar":"","neve_post_elements_order":"","neve_meta_disable_header":"","neve_meta_disable_footer":"","neve_meta_disable_title":"on","footnotes":""},"class_list":["post-54","page","type-page","status-publish","hentry"],"_links":{"self":[{"href":"https:\/\/rheosol.com\/index.php\/wp-json\/wp\/v2\/pages\/54","targetHints":{"allow":["GET"]}}],"collection":[{"href":"https:\/\/rheosol.com\/index.php\/wp-json\/wp\/v2\/pages"}],"about":[{"href":"https:\/\/rheosol.com\/index.php\/wp-json\/wp\/v2\/types\/page"}],"author":[{"embeddable":true,"href":"https:\/\/rheosol.com\/index.php\/wp-json\/wp\/v2\/users\/1"}],"replies":[{"embeddable":true,"href":"https:\/\/rheosol.com\/index.php\/wp-json\/wp\/v2\/comments?post=54"}],"version-history":[{"count":12,"href":"https:\/\/rheosol.com\/index.php\/wp-json\/wp\/v2\/pages\/54\/revisions"}],"predecessor-version":[{"id":484,"href":"https:\/\/rheosol.com\/index.php\/wp-json\/wp\/v2\/pages\/54\/revisions\/484"}],"up":[{"embeddable":true,"href":"https:\/\/rheosol.com\/index.php\/wp-json\/wp\/v2\/pages\/6"}],"wp:attachment":[{"href":"https:\/\/rheosol.com\/index.php\/wp-json\/wp\/v2\/media?parent=54"}],"curies":[{"name":"wp","href":"https:\/\/api.w.org\/{rel}","templated":true}]}}