{"id":5,"date":"2022-08-16T20:28:45","date_gmt":"2022-08-16T18:28:45","guid":{"rendered":"https:\/\/rheosol.com\/wordpress\/?page_id=5"},"modified":"2025-11-20T12:30:51","modified_gmt":"2025-11-20T11:30:51","slug":"startseite","status":"publish","type":"page","link":"https:\/\/rheosol.com\/","title":{"rendered":"Startseite"},"content":{"rendered":"\n<div class=\"wp-block-cover alignfull\" style=\"min-height:100px;aspect-ratio:unset;\"><span aria-hidden=\"true\" class=\"wp-block-cover__background has-nv-light-bg-background-color has-background-dim-10 has-background-dim\"><\/span><div class=\"wp-block-cover__inner-container is-layout-flow wp-block-cover-is-layout-flow\">\n<div class=\"wp-block-cover alignfull is-light\" style=\"min-height:400px;aspect-ratio:unset;\"><img loading=\"lazy\" decoding=\"async\" width=\"1903\" height=\"400\" class=\"wp-block-cover__image-background wp-image-309\" alt=\"\" src=\"https:\/\/rheosol.com\/wordpress\/wp-content\/uploads\/2022\/09\/headerIMG-20570-1.jpg\" style=\"object-position:55% 10%\" data-object-fit=\"cover\" data-object-position=\"55% 10%\" srcset=\"https:\/\/rheosol.com\/wp-content\/uploads\/2022\/09\/headerIMG-20570-1.jpg 1903w, https:\/\/rheosol.com\/wp-content\/uploads\/2022\/09\/headerIMG-20570-1-300x63.jpg 300w, https:\/\/rheosol.com\/wp-content\/uploads\/2022\/09\/headerIMG-20570-1-1024x215.jpg 1024w, https:\/\/rheosol.com\/wp-content\/uploads\/2022\/09\/headerIMG-20570-1-768x161.jpg 768w, https:\/\/rheosol.com\/wp-content\/uploads\/2022\/09\/headerIMG-20570-1-1536x323.jpg 1536w\" sizes=\"auto, (max-width: 1903px) 100vw, 1903px\" \/><span aria-hidden=\"true\" class=\"wp-block-cover__background has-background-dim-0 has-background-dim\"><\/span><div class=\"wp-block-cover__inner-container is-layout-flow wp-block-cover-is-layout-flow\">\n<p class=\"has-text-align-center has-large-font-size\"><\/p>\n<\/div><\/div>\n\n\n\n<p class=\"has-text-align-center has-large-font-size\"><\/p>\n<\/div><\/div>\n\n\n\n<div class=\"wp-block-columns is-layout-flex wp-container-core-columns-is-layout-9d6595d7 wp-block-columns-is-layout-flex\">\n<div class=\"wp-block-column is-layout-flow wp-block-column-is-layout-flow\">\n<p><\/p>\n\n\n\n<h4 class=\"wp-block-heading\">Leidenschaftlich Kundenbegeisterung schaffen<\/h4>\n\n\n\n<h4 class=\"wp-block-heading has-nv-c-2-color has-text-color\"><strong>RHEOSOL steht f\u00fcr:&nbsp;&nbsp;<\/strong><\/h4>\n\n\n\n<ul class=\"wp-block-list\">\n<li>einfache und praxisorientierte Hygienesysteme<\/li>\n\n\n\n<li>ein komplettes Produktprogramm f\u00fcr K\u00fcchen und lebensmittelverarbeitende Betriebe<\/li>\n\n\n\n<li>sicheren Infektionsschutz im medizinischen Bereich<\/li>\n\n\n\n<li>ein umfassendes Hygieneprogramm f\u00fcr Alten- und Pflegeheime, Kliniken und Arztpraxen<\/li>\n\n\n\n<li>hochwertige Produkte und umfassende Dienstleistungen<br><br>Die NW-Chemie GmbH ist ein Markenhersteller und gleichzeitig ein Komplettlieferant mit dem notwendigen Zubeh\u00f6r im Bereich der Hygiene. Unsere Kunden erhalten technischen Support und kompetente Betreuung im Bereich der Hygiene. Der Vertrieb wird durch qualifizierte Fachgro\u00dfh\u00e4ndler sichergestellt.<\/li>\n<\/ul>\n<\/div>\n\n\n\n<div class=\"wp-block-column is-layout-flow wp-block-column-is-layout-flow\"><div class=\"wp-block-image\">\n<figure class=\"alignright size-full\"><a href=\"https:\/\/rheosol.com\/wp-content\/uploads\/2022\/12\/NWC-Image2021.pdf\" target=\"_blank\" rel=\"noreferrer noopener\"><img loading=\"lazy\" decoding=\"async\" width=\"382\" height=\"506\" src=\"https:\/\/rheosol.com\/wordpress\/wp-content\/uploads\/2022\/08\/imagebroschuere.png\" alt=\"\" class=\"wp-image-118\" srcset=\"https:\/\/rheosol.com\/wp-content\/uploads\/2022\/08\/imagebroschuere.png 382w, https:\/\/rheosol.com\/wp-content\/uploads\/2022\/08\/imagebroschuere-226x300.png 226w\" sizes=\"auto, (max-width: 382px) 100vw, 382px\" \/><\/a><\/figure>\n<\/div>\n\n\n<div style=\"height:20px\" aria-hidden=\"true\" class=\"wp-block-spacer\"><\/div>\n<\/div>\n<\/div>\n\n\n\n\n\n<div class=\"wp-block-columns is-layout-flex wp-container-core-columns-is-layout-9d6595d7 wp-block-columns-is-layout-flex\">\n<div class=\"wp-block-column is-layout-flow wp-block-column-is-layout-flow\">\n<p class=\"has-text-align-center\"><strong><a href=\"https:\/\/rheosol.com\/index.php\/zertifizierung\/\">Zertifizierung<\/a><\/strong><\/p>\n\n\n\n<figure class=\"wp-block-image size-full\"><img loading=\"lazy\" decoding=\"async\" width=\"1024\" height=\"768\" src=\"https:\/\/rheosol.com\/wordpress\/wp-content\/uploads\/2022\/08\/Cert.jpg\" alt=\"\" class=\"wp-image-124\" srcset=\"https:\/\/rheosol.com\/wp-content\/uploads\/2022\/08\/Cert.jpg 1024w, https:\/\/rheosol.com\/wp-content\/uploads\/2022\/08\/Cert-300x225.jpg 300w, https:\/\/rheosol.com\/wp-content\/uploads\/2022\/08\/Cert-768x576.jpg 768w\" sizes=\"auto, (max-width: 1024px) 100vw, 1024px\" \/><figcaption class=\"wp-element-caption\"><a href=\"https:\/\/rheosol.com\/index.php\/zertifizierung\/\"><strong>Qualit\u00e4t, Arbeitssicherheit und Umweltschutz <\/strong><br><strong>sind die Basis f\u00fcr ein gutes Produkt.<\/strong><\/a><\/figcaption><\/figure>\n<\/div>\n\n\n\n<div class=\"wp-block-column is-vertically-aligned-top is-layout-flow wp-block-column-is-layout-flow\">\n<p class=\"has-text-align-center\"><strong><a href=\"https:\/\/rheosol.com\/index.php\/unternehmen\/private-label\/\" data-type=\"page\" data-id=\"54\">OEM &#8211; Private Label<\/a><\/strong><\/p>\n\n\n\n<figure class=\"wp-block-image size-full\"><img loading=\"lazy\" decoding=\"async\" width=\"1024\" height=\"768\" src=\"https:\/\/rheosol.com\/wordpress\/wp-content\/uploads\/2022\/08\/OEM-PL.jpg\" alt=\"\" class=\"wp-image-127\" srcset=\"https:\/\/rheosol.com\/wp-content\/uploads\/2022\/08\/OEM-PL.jpg 1024w, https:\/\/rheosol.com\/wp-content\/uploads\/2022\/08\/OEM-PL-300x225.jpg 300w, https:\/\/rheosol.com\/wp-content\/uploads\/2022\/08\/OEM-PL-768x576.jpg 768w\" sizes=\"auto, (max-width: 1024px) 100vw, 1024px\" \/><figcaption class=\"wp-element-caption\"><strong>Mit Know-How ein verl\u00e4sslicher Partner <\/strong><br><strong>f\u00fcr die Umsetzung Ihres Produktes.<\/strong><\/figcaption><\/figure>\n\n\n\n<p><\/p>\n<\/div>\n\n\n\n<div class=\"wp-block-column is-layout-flow wp-block-column-is-layout-flow\">\n<p class=\"has-text-align-center\"><strong><a href=\"https:\/\/rheosol.com\/index.php\/sortiment\/\">Sortiment<\/a><\/strong><\/p>\n\n\n\n<figure class=\"wp-block-image size-full\"><img loading=\"lazy\" decoding=\"async\" width=\"1024\" height=\"768\" src=\"https:\/\/rheosol.com\/wordpress\/wp-content\/uploads\/2022\/08\/sort.jpg\" alt=\"\" class=\"wp-image-128\" srcset=\"https:\/\/rheosol.com\/wp-content\/uploads\/2022\/08\/sort.jpg 1024w, https:\/\/rheosol.com\/wp-content\/uploads\/2022\/08\/sort-300x225.jpg 300w, https:\/\/rheosol.com\/wp-content\/uploads\/2022\/08\/sort-768x576.jpg 768w\" sizes=\"auto, (max-width: 1024px) 100vw, 1024px\" \/><figcaption class=\"wp-element-caption\"><strong>Unser Sortiment &#8211;<\/strong><br><strong> Desinfektion, Reinigung, Kosmetik.<\/strong><\/figcaption><\/figure>\n<\/div>\n<\/div>\n\n\n\n<p>Die NW-Chemie GmbH ist ebenfalls ein zuverl\u00e4ssiger Lohn und OEM-Hersteller. Wir entwickeln und produzieren unsere Produkte nach der EN ISO 13485 und sind unter Ber\u00fccksichtigung der Medizinprodukterichtlinie MDD 93\/42\/EEC zertifiziert.<\/p>\n","protected":false},"excerpt":{"rendered":"<p>Leidenschaftlich Kundenbegeisterung schaffen RHEOSOL steht f\u00fcr:&nbsp;&nbsp; Zertifizierung OEM &#8211; Private Label Sortiment Die NW-Chemie GmbH ist ebenfalls ein zuverl\u00e4ssiger Lohn und OEM-Hersteller. Wir entwickeln und produzieren unsere Produkte nach der EN ISO 13485 und sind unter Ber\u00fccksichtigung der Medizinprodukterichtlinie MDD 93\/42\/EEC zertifiziert.<\/p>\n","protected":false},"author":1,"featured_media":0,"parent":0,"menu_order":0,"comment_status":"closed","ping_status":"closed","template":"","meta":{"neve_meta_sidebar":"","neve_meta_container":"","neve_meta_enable_content_width":"on","neve_meta_content_width":100,"neve_meta_title_alignment":"","neve_meta_author_avatar":"","neve_post_elements_order":"","neve_meta_disable_header":"","neve_meta_disable_footer":"","neve_meta_disable_title":"on","footnotes":""},"class_list":["post-5","page","type-page","status-publish","hentry"],"_links":{"self":[{"href":"https:\/\/rheosol.com\/index.php\/wp-json\/wp\/v2\/pages\/5","targetHints":{"allow":["GET"]}}],"collection":[{"href":"https:\/\/rheosol.com\/index.php\/wp-json\/wp\/v2\/pages"}],"about":[{"href":"https:\/\/rheosol.com\/index.php\/wp-json\/wp\/v2\/types\/page"}],"author":[{"embeddable":true,"href":"https:\/\/rheosol.com\/index.php\/wp-json\/wp\/v2\/users\/1"}],"replies":[{"embeddable":true,"href":"https:\/\/rheosol.com\/index.php\/wp-json\/wp\/v2\/comments?post=5"}],"version-history":[{"count":74,"href":"https:\/\/rheosol.com\/index.php\/wp-json\/wp\/v2\/pages\/5\/revisions"}],"predecessor-version":[{"id":715,"href":"https:\/\/rheosol.com\/index.php\/wp-json\/wp\/v2\/pages\/5\/revisions\/715"}],"wp:attachment":[{"href":"https:\/\/rheosol.com\/index.php\/wp-json\/wp\/v2\/media?parent=5"}],"curies":[{"name":"wp","href":"https:\/\/api.w.org\/{rel}","templated":true}]}}